{"id":292,"date":"2015-03-02T18:41:32","date_gmt":"2015-03-02T17:41:32","guid":{"rendered":"http:\/\/74.81.66.106\/~sveca\/?page_id=292"},"modified":"2016-03-06T15:59:43","modified_gmt":"2016-03-06T14:59:43","slug":"buketi-za-svecane-prilike","status":"publish","type":"page","link":"http:\/\/www.sveca.rs\/?page_id=292","title":{"rendered":"Buketi za sve\u010dane prilike"},"content":{"rendered":"<p>&nbsp;<\/p>\n<p>&nbsp;<br \/>\n<center><\/p>\n<h5><strong>Poru\u017ebinu mo\u017eete izvr\u0161iti pozivom na broj 065\/3620-926. Mogu\u0107nost dostave na podru\u010dju Beograda.<br \/>\n*Pri naru\u010divanju je neophodno nazna\u010diti pod kojim brojem je buket koji \u017eelite da poru\u010dite.<\/strong><\/h5>\n<p><\/center><br \/>\n&nbsp;<\/p>\n<div class=\"one_fourth tt-column\"><p><center><\/p>\n<h4><strong>Buket broj 1<\/strong><\/h4>\n<p><\/center><\/p>\n<div class=\"modern_img_frame modern_square\"><div class=\"img-preload lightbox-img\"><a href=\"http:\/\/www.sveca.rs\/wp-content\/uploads\/2015\/Buketi\/Buketi za svecane prilike\/1-1.jpg\" class=\"attachment-fadeIn\" data-gal=\"prettyPhoto[]\" title=\"\"><div class=\"lightbox-zoom zoom-square\" style=\"position:absolute; display: none;\">&nbsp;<\/div><img src='http:\/\/www.sveca.rs\/wp-content\/themes\/Karma\/framework\/extended\/timthumb\/timthumb.php?src=http:\/\/www.sveca.rs\/wp-content\/uploads\/2015\/Buketi\/Buketi za svecane prilike\/1-1.jpg&amp;h=180&amp;w=190' alt='' class=\"attachment-fadeIn\" \/><\/a><\/div><\/div><\/div><div class=\"one_fourth tt-column\"><p><center><\/p>\n<h4><strong>Buket broj 2<\/strong><\/h4>\n<p><\/center><\/p>\n<div class=\"modern_img_frame modern_square\"><div class=\"img-preload lightbox-img\"><a href=\"http:\/\/www.sveca.rs\/wp-content\/uploads\/2015\/Buketi\/Buketi za svecane prilike\/2-1.jpg\" class=\"attachment-fadeIn\" data-gal=\"prettyPhoto[]\" title=\"\"><div class=\"lightbox-zoom zoom-square\" style=\"position:absolute; display: none;\">&nbsp;<\/div><img src='http:\/\/www.sveca.rs\/wp-content\/themes\/Karma\/framework\/extended\/timthumb\/timthumb.php?src=http:\/\/www.sveca.rs\/wp-content\/uploads\/2015\/Buketi\/Buketi za svecane prilike\/2-1.jpg&amp;h=180&amp;w=190' alt='' class=\"attachment-fadeIn\" \/><\/a><\/div><\/div><\/div><div class=\"one_fourth tt-column\"><p><center><\/p>\n<h4><strong>Buket broj 3<\/strong><\/h4>\n<p><\/center><\/p>\n<div class=\"modern_img_frame modern_square\"><div class=\"img-preload lightbox-img\"><a href=\"http:\/\/www.sveca.rs\/wp-content\/uploads\/2015\/Buketi\/Buketi za svecane prilike\/3-1.jpg\" class=\"attachment-fadeIn\" data-gal=\"prettyPhoto[]\" title=\"\"><div class=\"lightbox-zoom zoom-square\" style=\"position:absolute; display: none;\">&nbsp;<\/div><img src='http:\/\/www.sveca.rs\/wp-content\/themes\/Karma\/framework\/extended\/timthumb\/timthumb.php?src=http:\/\/www.sveca.rs\/wp-content\/uploads\/2015\/Buketi\/Buketi za svecane prilike\/3-1.jpg&amp;h=180&amp;w=190' alt='' class=\"attachment-fadeIn\" \/><\/a><\/div><\/div><\/div><div class=\"one_fourth_last tt-column\"><p><center><\/p>\n<h4><strong>Buket broj 4<\/strong><\/h4>\n<p><\/center><\/p>\n<div class=\"modern_img_frame modern_square\"><div class=\"img-preload lightbox-img\"><a href=\"http:\/\/www.sveca.rs\/wp-content\/uploads\/2015\/Buketi\/Buketi za svecane prilike\/4-1.jpg\" class=\"attachment-fadeIn\" data-gal=\"prettyPhoto[]\" title=\"\"><div class=\"lightbox-zoom zoom-square\" style=\"position:absolute; display: none;\">&nbsp;<\/div><img src='http:\/\/www.sveca.rs\/wp-content\/themes\/Karma\/framework\/extended\/timthumb\/timthumb.php?src=http:\/\/www.sveca.rs\/wp-content\/uploads\/2015\/Buketi\/Buketi za svecane prilike\/4-1.jpg&amp;h=180&amp;w=190' alt='' class=\"attachment-fadeIn\" \/><\/a><\/div><\/div><\/div><br class=\"clear\" \/><div class=\"one_fourth tt-column\"><p><center><\/p>\n<h4><strong>Buket broj 5<\/strong><\/h4>\n<p><\/center><\/p>\n<div class=\"modern_img_frame modern_square\"><div class=\"img-preload lightbox-img\"><a href=\"http:\/\/www.sveca.rs\/wp-content\/uploads\/2015\/Buketi\/Buketi za svecane prilike\/5-1.jpg\" class=\"attachment-fadeIn\" data-gal=\"prettyPhoto[]\" title=\"\"><div class=\"lightbox-zoom zoom-square\" style=\"position:absolute; display: none;\">&nbsp;<\/div><img src='http:\/\/www.sveca.rs\/wp-content\/themes\/Karma\/framework\/extended\/timthumb\/timthumb.php?src=http:\/\/www.sveca.rs\/wp-content\/uploads\/2015\/Buketi\/Buketi za svecane prilike\/5-1.jpg&amp;h=180&amp;w=190' alt='' class=\"attachment-fadeIn\" \/><\/a><\/div><\/div><\/div><div class=\"one_fourth tt-column\"><\/div><p><center><\/p>\n","protected":false},"excerpt":{"rendered":"<p>&nbsp;<br \/>\n&nbsp;<\/p>\n<p>Poru\u017ebinu mo\u017eete izvr\u0161iti pozivom na broj 065\/3620-926. Mogu\u0107nost dostave na podru\u010dju Beograda.<br \/>\n*Pri naru\u010divanju je neophodno nazna\u010diti pod kojim brojem je buket koji \u017eelite da poru\u010dite.<\/p>\n<p>&nbsp;<\/p>\n","protected":false},"author":1,"featured_media":0,"parent":0,"menu_order":0,"comment_status":"closed","ping_status":"closed","template":"template-blank-canvas.php","meta":{"footnotes":""},"class_list":["post-292","page","type-page","status-publish","hentry"],"_links":{"self":[{"href":"http:\/\/www.sveca.rs\/index.php?rest_route=\/wp\/v2\/pages\/292","targetHints":{"allow":["GET"]}}],"collection":[{"href":"http:\/\/www.sveca.rs\/index.php?rest_route=\/wp\/v2\/pages"}],"about":[{"href":"http:\/\/www.sveca.rs\/index.php?rest_route=\/wp\/v2\/types\/page"}],"author":[{"embeddable":true,"href":"http:\/\/www.sveca.rs\/index.php?rest_route=\/wp\/v2\/users\/1"}],"replies":[{"embeddable":true,"href":"http:\/\/www.sveca.rs\/index.php?rest_route=%2Fwp%2Fv2%2Fcomments&post=292"}],"version-history":[{"count":7,"href":"http:\/\/www.sveca.rs\/index.php?rest_route=\/wp\/v2\/pages\/292\/revisions"}],"predecessor-version":[{"id":490,"href":"http:\/\/www.sveca.rs\/index.php?rest_route=\/wp\/v2\/pages\/292\/revisions\/490"}],"wp:attachment":[{"href":"http:\/\/www.sveca.rs\/index.php?rest_route=%2Fwp%2Fv2%2Fmedia&parent=292"}],"curies":[{"name":"wp","href":"https:\/\/api.w.org\/{rel}","templated":true}]}}