{"id":231,"date":"2015-02-28T20:57:50","date_gmt":"2015-02-28T19:57:50","guid":{"rendered":"http:\/\/www.sveca.rs\/?page_id=231"},"modified":"2015-09-04T17:50:20","modified_gmt":"2015-09-04T16:50:20","slug":"korpe","status":"publish","type":"page","link":"http:\/\/www.sveca.rs\/?page_id=231","title":{"rendered":"Korpe"},"content":{"rendered":"<p>&nbsp;<\/p>\n<p>&nbsp;<br \/>\n<center><\/p>\n<h5><strong>Poru\u017ebinu mo\u017eete izvr\u0161iti pozivom na broj 065\/3620-926. Mogu\u0107nost dostave na podru\u010dju Beograda.<br \/>\n*Pri naru\u010divanju je neophodno nazna\u010diti pod kojim brojem je korpa koju \u017eelite da poru\u010dite.<\/strong><\/h5>\n<p><\/center><br \/>\n&nbsp;<\/p>\n<div class=\"one_fourth tt-column\"><p><center><\/p>\n<h4><strong>Korpa broj 1<\/strong><\/h4>\n<p><\/center><\/p>\n<div class=\"modern_img_frame modern_square\"><div class=\"img-preload lightbox-img\"><a href=\"http:\/\/www.sveca.rs\/wp-content\/uploads\/2015\/Korpe\/1-1.jpg\" class=\"attachment-fadeIn\" data-gal=\"prettyPhoto[]\" title=\"\"><div class=\"lightbox-zoom zoom-square\" style=\"position:absolute; display: none;\">&nbsp;<\/div><img src='http:\/\/www.sveca.rs\/wp-content\/themes\/Karma\/framework\/extended\/timthumb\/timthumb.php?src=http:\/\/www.sveca.rs\/wp-content\/uploads\/2015\/Korpe\/1-1.jpg&amp;h=180&amp;w=190' alt='' class=\"attachment-fadeIn\" \/><\/a><\/div><\/div><\/div><div class=\"one_fourth tt-column\"><p><center><\/p>\n<h4><strong>Korpa broj 2<\/strong><\/h4>\n<p><\/center><\/p>\n<div class=\"modern_img_frame modern_square\"><div class=\"img-preload lightbox-img\"><a href=\"http:\/\/www.sveca.rs\/wp-content\/uploads\/2015\/Korpe\/2-1.jpg\" class=\"attachment-fadeIn\" data-gal=\"prettyPhoto[]\" title=\"\"><div class=\"lightbox-zoom zoom-square\" style=\"position:absolute; display: none;\">&nbsp;<\/div><img src='http:\/\/www.sveca.rs\/wp-content\/themes\/Karma\/framework\/extended\/timthumb\/timthumb.php?src=http:\/\/www.sveca.rs\/wp-content\/uploads\/2015\/Korpe\/2-1.jpg&amp;h=180&amp;w=190' alt='' class=\"attachment-fadeIn\" \/><\/a><\/div><\/div><\/div><div class=\"one_fourth tt-column\"><p><center><\/p>\n<h4><strong>Korpa broj 3<\/strong><\/h4>\n<p><\/center><\/p>\n<div class=\"modern_img_frame modern_square\"><div class=\"img-preload lightbox-img\"><a href=\"http:\/\/www.sveca.rs\/wp-content\/uploads\/2015\/Korpe\/3-1.jpg\" class=\"attachment-fadeIn\" data-gal=\"prettyPhoto[]\" title=\"\"><div class=\"lightbox-zoom zoom-square\" style=\"position:absolute; display: none;\">&nbsp;<\/div><img src='http:\/\/www.sveca.rs\/wp-content\/themes\/Karma\/framework\/extended\/timthumb\/timthumb.php?src=http:\/\/www.sveca.rs\/wp-content\/uploads\/2015\/Korpe\/3-1.jpg&amp;h=180&amp;w=190' alt='' class=\"attachment-fadeIn\" \/><\/a><\/div><\/div><\/div><div class=\"one_fourth_last tt-column\"><p><center><\/p>\n<h4><strong>Korpa broj 4<\/strong><\/h4>\n<p><\/center><\/p>\n<div class=\"modern_img_frame modern_square\"><div class=\"img-preload lightbox-img\"><a href=\"http:\/\/www.sveca.rs\/wp-content\/uploads\/2015\/Korpe\/4-1.jpg\" class=\"attachment-fadeIn\" data-gal=\"prettyPhoto[]\" title=\"\"><div class=\"lightbox-zoom zoom-square\" style=\"position:absolute; display: none;\">&nbsp;<\/div><img src='http:\/\/www.sveca.rs\/wp-content\/themes\/Karma\/framework\/extended\/timthumb\/timthumb.php?src=http:\/\/www.sveca.rs\/wp-content\/uploads\/2015\/Korpe\/4-1.jpg&amp;h=180&amp;w=190' alt='' class=\"attachment-fadeIn\" \/><\/a><\/div><\/div><\/div><br class=\"clear\" \/><div class=\"one_fourth tt-column\"><p><center><\/p>\n<h4><strong>Korpa broj 5<\/strong><\/h4>\n<p><\/center><\/p>\n<div class=\"modern_img_frame modern_square\"><div class=\"img-preload lightbox-img\"><a href=\"http:\/\/www.sveca.rs\/wp-content\/uploads\/2015\/Korpe\/5-1.jpg\" class=\"attachment-fadeIn\" data-gal=\"prettyPhoto[]\" title=\"\"><div class=\"lightbox-zoom zoom-square\" style=\"position:absolute; display: none;\">&nbsp;<\/div><img src='http:\/\/www.sveca.rs\/wp-content\/themes\/Karma\/framework\/extended\/timthumb\/timthumb.php?src=http:\/\/www.sveca.rs\/wp-content\/uploads\/2015\/Korpe\/5-1.jpg&amp;h=180&amp;w=190' alt='' class=\"attachment-fadeIn\" \/><\/a><\/div><\/div><\/div><div class=\"one_fourth tt-column\"><p><center><\/p>\n<h4><strong>Korpa broj 6<\/strong><\/h4>\n<p><\/center><\/p>\n<div class=\"modern_img_frame modern_square\"><div class=\"img-preload lightbox-img\"><a href=\"http:\/\/www.sveca.rs\/wp-content\/uploads\/2015\/Korpe\/6-1.jpg\" class=\"attachment-fadeIn\" data-gal=\"prettyPhoto[]\" title=\"\"><div class=\"lightbox-zoom zoom-square\" style=\"position:absolute; display: none;\">&nbsp;<\/div><img src='http:\/\/www.sveca.rs\/wp-content\/themes\/Karma\/framework\/extended\/timthumb\/timthumb.php?src=http:\/\/www.sveca.rs\/wp-content\/uploads\/2015\/Korpe\/6-1.jpg&amp;h=180&amp;w=190' alt='' class=\"attachment-fadeIn\" \/><\/a><\/div><\/div><\/div><div class=\"one_fourth tt-column\"><p><center><\/p>\n<h4><strong>Korpa broj 7<\/strong><\/h4>\n<p><\/center><\/p>\n<div class=\"modern_img_frame modern_square\"><div class=\"img-preload lightbox-img\"><a href=\"http:\/\/www.sveca.rs\/wp-content\/uploads\/2015\/Korpe\/7-1.jpg\" class=\"attachment-fadeIn\" data-gal=\"prettyPhoto[]\" title=\"\"><div class=\"lightbox-zoom zoom-square\" style=\"position:absolute; display: none;\">&nbsp;<\/div><img src='http:\/\/www.sveca.rs\/wp-content\/themes\/Karma\/framework\/extended\/timthumb\/timthumb.php?src=http:\/\/www.sveca.rs\/wp-content\/uploads\/2015\/Korpe\/7-1.jpg&amp;h=180&amp;w=190' alt='' class=\"attachment-fadeIn\" \/><\/a><\/div><\/div><\/div><div class=\"one_fourth_last tt-column\"><p><center><\/p>\n<h4><strong>Korpa broj 8<\/strong><\/h4>\n<p><\/center><\/p>\n<div class=\"modern_img_frame modern_square\"><div class=\"img-preload lightbox-img\"><a href=\"http:\/\/www.sveca.rs\/wp-content\/uploads\/2015\/Korpe\/8-1.jpg\" class=\"attachment-fadeIn\" data-gal=\"prettyPhoto[]\" title=\"\"><div class=\"lightbox-zoom zoom-square\" style=\"position:absolute; display: none;\">&nbsp;<\/div><img src='http:\/\/www.sveca.rs\/wp-content\/themes\/Karma\/framework\/extended\/timthumb\/timthumb.php?src=http:\/\/www.sveca.rs\/wp-content\/uploads\/2015\/Korpe\/8-1.jpg&amp;h=180&amp;w=190' alt='' class=\"attachment-fadeIn\" \/><\/a><\/div><\/div><\/div><br class=\"clear\" \/><div class=\"one_fourth tt-column\"><p><center><\/p>\n<h4><strong>Korpa broj 9<\/strong><\/h4>\n<p><\/center><\/p>\n<div class=\"modern_img_frame modern_square\"><div class=\"img-preload lightbox-img\"><a href=\"http:\/\/www.sveca.rs\/wp-content\/uploads\/2015\/Korpe\/9-1.jpg\" class=\"attachment-fadeIn\" data-gal=\"prettyPhoto[]\" title=\"\"><div class=\"lightbox-zoom zoom-square\" style=\"position:absolute; display: none;\">&nbsp;<\/div><img src='http:\/\/www.sveca.rs\/wp-content\/themes\/Karma\/framework\/extended\/timthumb\/timthumb.php?src=http:\/\/www.sveca.rs\/wp-content\/uploads\/2015\/Korpe\/9-1.jpg&amp;h=180&amp;w=190' alt='' class=\"attachment-fadeIn\" \/><\/a><\/div><\/div><\/div><div class=\"one_fourth tt-column\"><p><center><\/p>\n<h4><strong>Korpa broj 10<\/strong><\/h4>\n<p><\/center><\/p>\n<div class=\"modern_img_frame modern_square\"><div class=\"img-preload lightbox-img\"><a href=\"http:\/\/www.sveca.rs\/wp-content\/uploads\/2015\/Korpe\/10-1.jpg\" class=\"attachment-fadeIn\" data-gal=\"prettyPhoto[]\" title=\"\"><div class=\"lightbox-zoom zoom-square\" style=\"position:absolute; display: none;\">&nbsp;<\/div><img src='http:\/\/www.sveca.rs\/wp-content\/themes\/Karma\/framework\/extended\/timthumb\/timthumb.php?src=http:\/\/www.sveca.rs\/wp-content\/uploads\/2015\/Korpe\/10-1.jpg&amp;h=180&amp;w=190' alt='' class=\"attachment-fadeIn\" \/><\/a><\/div><\/div><\/div><div class=\"one_fourth tt-column\"><p><center><\/p>\n<h4><strong>Korpa broj 11<\/strong><\/h4>\n<p><\/center><\/p>\n<div class=\"modern_img_frame modern_square\"><div class=\"img-preload lightbox-img\"><a href=\"http:\/\/www.sveca.rs\/wp-content\/uploads\/2015\/Korpe\/11-1.jpg\" class=\"attachment-fadeIn\" data-gal=\"prettyPhoto[]\" title=\"\"><div class=\"lightbox-zoom zoom-square\" style=\"position:absolute; display: none;\">&nbsp;<\/div><img src='http:\/\/www.sveca.rs\/wp-content\/themes\/Karma\/framework\/extended\/timthumb\/timthumb.php?src=http:\/\/www.sveca.rs\/wp-content\/uploads\/2015\/Korpe\/11-1.jpg&amp;h=180&amp;w=190' alt='' class=\"attachment-fadeIn\" \/><\/a><\/div><\/div><\/div><div class=\"one_fourth_last tt-column\"><p><center><\/p>\n<h4><strong>Korpa broj 12<\/strong><\/h4>\n<p><\/center><\/p>\n<div class=\"modern_img_frame modern_square\"><div class=\"img-preload lightbox-img\"><a href=\"http:\/\/www.sveca.rs\/wp-content\/uploads\/2015\/Korpe\/12-1.jpg\" class=\"attachment-fadeIn\" data-gal=\"prettyPhoto[]\" title=\"\"><div class=\"lightbox-zoom zoom-square\" style=\"position:absolute; display: none;\">&nbsp;<\/div><img src='http:\/\/www.sveca.rs\/wp-content\/themes\/Karma\/framework\/extended\/timthumb\/timthumb.php?src=http:\/\/www.sveca.rs\/wp-content\/uploads\/2015\/Korpe\/12-1.jpg&amp;h=180&amp;w=190' alt='' class=\"attachment-fadeIn\" \/><\/a><\/div><\/div><\/div><br class=\"clear\" \/><div class=\"one_fourth tt-column\"><p><center><\/p>\n<h4><strong>Korpa broj 13<\/strong><\/h4>\n<p><\/center><\/p>\n<div class=\"modern_img_frame modern_square\"><div class=\"img-preload lightbox-img\"><a href=\"http:\/\/www.sveca.rs\/wp-content\/uploads\/2015\/Korpe\/13-1.jpg\" class=\"attachment-fadeIn\" data-gal=\"prettyPhoto[]\" title=\"\"><div class=\"lightbox-zoom zoom-square\" style=\"position:absolute; display: none;\">&nbsp;<\/div><img src='http:\/\/www.sveca.rs\/wp-content\/themes\/Karma\/framework\/extended\/timthumb\/timthumb.php?src=http:\/\/www.sveca.rs\/wp-content\/uploads\/2015\/Korpe\/13-1.jpg&amp;h=180&amp;w=190' alt='' class=\"attachment-fadeIn\" \/><\/a><\/div><\/div><\/div><div class=\"one_fourth tt-column\"><p><center><\/p>\n<h4><strong>Korpa broj 14<\/strong><\/h4>\n<p><\/center><\/p>\n<div class=\"modern_img_frame modern_square\"><div class=\"img-preload lightbox-img\"><a href=\"http:\/\/www.sveca.rs\/wp-content\/uploads\/2015\/Korpe\/14-1.jpg\" class=\"attachment-fadeIn\" data-gal=\"prettyPhoto[]\" title=\"\"><div class=\"lightbox-zoom zoom-square\" style=\"position:absolute; display: none;\">&nbsp;<\/div><img src='http:\/\/www.sveca.rs\/wp-content\/themes\/Karma\/framework\/extended\/timthumb\/timthumb.php?src=http:\/\/www.sveca.rs\/wp-content\/uploads\/2015\/Korpe\/14-1.jpg&amp;h=180&amp;w=190' alt='' class=\"attachment-fadeIn\" \/><\/a><\/div><\/div><\/div><div class=\"one_fourth tt-column\"><p><center><\/p>\n<h4><strong>Korpa broj 15<\/strong><\/h4>\n<p><\/center><\/p>\n<div class=\"modern_img_frame modern_square\"><div class=\"img-preload lightbox-img\"><a href=\"http:\/\/www.sveca.rs\/wp-content\/uploads\/2015\/Korpe\/15-1.jpg\" class=\"attachment-fadeIn\" data-gal=\"prettyPhoto[]\" title=\"\"><div class=\"lightbox-zoom zoom-square\" style=\"position:absolute; display: none;\">&nbsp;<\/div><img src='http:\/\/www.sveca.rs\/wp-content\/themes\/Karma\/framework\/extended\/timthumb\/timthumb.php?src=http:\/\/www.sveca.rs\/wp-content\/uploads\/2015\/Korpe\/15-1.jpg&amp;h=180&amp;w=190' alt='' class=\"attachment-fadeIn\" \/><\/a><\/div><\/div><\/div><div class=\"one_fourth_last tt-column\"><p><center><\/p>\n<h4><strong>Korpa broj 16<\/strong><\/h4>\n<p><\/center><\/p>\n<div class=\"modern_img_frame modern_square\"><div class=\"img-preload lightbox-img\"><a href=\"http:\/\/www.sveca.rs\/wp-content\/uploads\/2015\/Korpe\/16-1.jpg\" class=\"attachment-fadeIn\" data-gal=\"prettyPhoto[]\" title=\"\"><div class=\"lightbox-zoom zoom-square\" style=\"position:absolute; display: none;\">&nbsp;<\/div><img src='http:\/\/www.sveca.rs\/wp-content\/themes\/Karma\/framework\/extended\/timthumb\/timthumb.php?src=http:\/\/www.sveca.rs\/wp-content\/uploads\/2015\/Korpe\/16-1.jpg&amp;h=180&amp;w=190' alt='' class=\"attachment-fadeIn\" \/><\/a><\/div><\/div><\/div><br class=\"clear\" \/><div class=\"one_fourth tt-column\"><p><center><\/p>\n<h4><strong>Korpa broj 17<\/strong><\/h4>\n<p><\/center><\/p>\n<div class=\"modern_img_frame modern_square\"><div class=\"img-preload lightbox-img\"><a href=\"http:\/\/www.sveca.rs\/wp-content\/uploads\/2015\/Korpe\/17-1.jpg\" class=\"attachment-fadeIn\" data-gal=\"prettyPhoto[]\" title=\"\"><div class=\"lightbox-zoom zoom-square\" style=\"position:absolute; display: none;\">&nbsp;<\/div><img src='http:\/\/www.sveca.rs\/wp-content\/themes\/Karma\/framework\/extended\/timthumb\/timthumb.php?src=http:\/\/www.sveca.rs\/wp-content\/uploads\/2015\/Korpe\/17-1.jpg&amp;h=180&amp;w=190' alt='' class=\"attachment-fadeIn\" \/><\/a><\/div><\/div><\/div><div class=\"one_fourth tt-column\"><p><center><\/p>\n<h4><strong>Korpa broj 18<\/strong><\/h4>\n<p><\/center><\/p>\n<div class=\"modern_img_frame modern_square\"><div class=\"img-preload lightbox-img\"><a href=\"http:\/\/www.sveca.rs\/wp-content\/uploads\/2015\/Korpe\/18-1.jpg\" class=\"attachment-fadeIn\" data-gal=\"prettyPhoto[]\" title=\"\"><div class=\"lightbox-zoom zoom-square\" style=\"position:absolute; display: none;\">&nbsp;<\/div><img src='http:\/\/www.sveca.rs\/wp-content\/themes\/Karma\/framework\/extended\/timthumb\/timthumb.php?src=http:\/\/www.sveca.rs\/wp-content\/uploads\/2015\/Korpe\/18-1.jpg&amp;h=180&amp;w=190' alt='' class=\"attachment-fadeIn\" \/><\/a><\/div><\/div><\/div><div class=\"one_fourth tt-column\"><p><center><\/p>\n<h4><strong>Korpa broj 19<\/strong><\/h4>\n<p><\/center><\/p>\n<div class=\"modern_img_frame modern_square\"><div class=\"img-preload lightbox-img\"><a href=\"http:\/\/www.sveca.rs\/wp-content\/uploads\/2015\/Korpe\/19-1.jpg\" class=\"attachment-fadeIn\" data-gal=\"prettyPhoto[]\" title=\"\"><div class=\"lightbox-zoom zoom-square\" style=\"position:absolute; display: none;\">&nbsp;<\/div><img src='http:\/\/www.sveca.rs\/wp-content\/themes\/Karma\/framework\/extended\/timthumb\/timthumb.php?src=http:\/\/www.sveca.rs\/wp-content\/uploads\/2015\/Korpe\/19-1.jpg&amp;h=180&amp;w=190' alt='' class=\"attachment-fadeIn\" \/><\/a><\/div><\/div><\/div><div class=\"one_fourth_last tt-column\"><p><center><\/p>\n<h4><strong>Korpa broj 20<\/strong><\/h4>\n<p><\/center><\/p>\n<div class=\"modern_img_frame modern_square\"><div class=\"img-preload lightbox-img\"><a href=\"http:\/\/www.sveca.rs\/wp-content\/uploads\/2015\/Korpe\/20-1.jpg\" class=\"attachment-fadeIn\" data-gal=\"prettyPhoto[]\" title=\"\"><div class=\"lightbox-zoom zoom-square\" style=\"position:absolute; display: none;\">&nbsp;<\/div><img src='http:\/\/www.sveca.rs\/wp-content\/themes\/Karma\/framework\/extended\/timthumb\/timthumb.php?src=http:\/\/www.sveca.rs\/wp-content\/uploads\/2015\/Korpe\/20-1.jpg&amp;h=180&amp;w=190' alt='' class=\"attachment-fadeIn\" \/><\/a><\/div><\/div><\/div><br class=\"clear\" \/><div class=\"one_fourth tt-column\"><p><center><\/p>\n<h4><strong>Korpa broj 21<\/strong><\/h4>\n<p><\/center><\/p>\n<div class=\"modern_img_frame modern_square\"><div class=\"img-preload lightbox-img\"><a href=\"http:\/\/www.sveca.rs\/wp-content\/uploads\/2015\/Korpe\/21-1.jpg\" class=\"attachment-fadeIn\" data-gal=\"prettyPhoto[]\" title=\"\"><div class=\"lightbox-zoom zoom-square\" style=\"position:absolute; display: none;\">&nbsp;<\/div><img src='http:\/\/www.sveca.rs\/wp-content\/themes\/Karma\/framework\/extended\/timthumb\/timthumb.php?src=http:\/\/www.sveca.rs\/wp-content\/uploads\/2015\/Korpe\/21-1.jpg&amp;h=180&amp;w=190' alt='' class=\"attachment-fadeIn\" \/><\/a><\/div><\/div><\/div><div class=\"one_fourth tt-column\"><p><center><\/p>\n<h4><strong>Korpa broj 22<\/strong><\/h4>\n<p><\/center><\/p>\n<div class=\"modern_img_frame modern_square\"><div class=\"img-preload lightbox-img\"><a href=\"http:\/\/www.sveca.rs\/wp-content\/uploads\/2015\/Korpe\/22-1.jpg\" class=\"attachment-fadeIn\" data-gal=\"prettyPhoto[]\" title=\"\"><div class=\"lightbox-zoom zoom-square\" style=\"position:absolute; display: none;\">&nbsp;<\/div><img src='http:\/\/www.sveca.rs\/wp-content\/themes\/Karma\/framework\/extended\/timthumb\/timthumb.php?src=http:\/\/www.sveca.rs\/wp-content\/uploads\/2015\/Korpe\/22-1.jpg&amp;h=180&amp;w=190' alt='' class=\"attachment-fadeIn\" \/><\/a><\/div><\/div><\/div><div class=\"one_fourth tt-column\"><p><center><\/p>\n<h4><strong>Korpa broj 23<\/strong><\/h4>\n<p><\/center><\/p>\n<div class=\"modern_img_frame modern_square\"><div class=\"img-preload lightbox-img\"><a href=\"http:\/\/www.sveca.rs\/wp-content\/uploads\/2015\/Korpe\/23-1.jpg\" class=\"attachment-fadeIn\" data-gal=\"prettyPhoto[]\" title=\"\"><div class=\"lightbox-zoom zoom-square\" style=\"position:absolute; display: none;\">&nbsp;<\/div><img src='http:\/\/www.sveca.rs\/wp-content\/themes\/Karma\/framework\/extended\/timthumb\/timthumb.php?src=http:\/\/www.sveca.rs\/wp-content\/uploads\/2015\/Korpe\/23-1.jpg&amp;h=180&amp;w=190' alt='' class=\"attachment-fadeIn\" \/><\/a><\/div><\/div><\/div><div class=\"one_fourth_last tt-column\"><p><center><\/p>\n<h4><strong>Korpa broj 24<\/strong><\/h4>\n<p><\/center><\/p>\n<div class=\"modern_img_frame modern_square\"><div class=\"img-preload lightbox-img\"><a href=\"http:\/\/www.sveca.rs\/wp-content\/uploads\/2015\/Korpe\/24-1.jpg\" class=\"attachment-fadeIn\" data-gal=\"prettyPhoto[]\" title=\"\"><div class=\"lightbox-zoom zoom-square\" style=\"position:absolute; display: none;\">&nbsp;<\/div><img src='http:\/\/www.sveca.rs\/wp-content\/themes\/Karma\/framework\/extended\/timthumb\/timthumb.php?src=http:\/\/www.sveca.rs\/wp-content\/uploads\/2015\/Korpe\/24-1.jpg&amp;h=180&amp;w=190' alt='' class=\"attachment-fadeIn\" \/><\/a><\/div><\/div><\/div><br class=\"clear\" \/><div class=\"one_fourth tt-column\"><p><center><\/p>\n<h4><strong>Korpa broj 25<\/strong><\/h4>\n<p><\/center><\/p>\n<div class=\"modern_img_frame modern_square\"><div class=\"img-preload lightbox-img\"><a href=\"http:\/\/www.sveca.rs\/wp-content\/uploads\/2015\/Korpe\/25-1.jpg\" class=\"attachment-fadeIn\" data-gal=\"prettyPhoto[]\" title=\"\"><div class=\"lightbox-zoom zoom-square\" style=\"position:absolute; display: none;\">&nbsp;<\/div><img src='http:\/\/www.sveca.rs\/wp-content\/themes\/Karma\/framework\/extended\/timthumb\/timthumb.php?src=http:\/\/www.sveca.rs\/wp-content\/uploads\/2015\/Korpe\/25-1.jpg&amp;h=180&amp;w=190' alt='' class=\"attachment-fadeIn\" \/><\/a><\/div><\/div><\/div>","protected":false},"excerpt":{"rendered":"<p>&nbsp;<br \/>\n&nbsp;<\/p>\n<p>Poru\u017ebinu mo\u017eete izvr\u0161iti pozivom na broj 065\/3620-926. Mogu\u0107nost dostave na podru\u010dju Beograda.<br \/>\n*Pri naru\u010divanju je neophodno nazna\u010diti pod kojim brojem je korpa koju \u017eelite da poru\u010dite.<\/p>\n<p>&nbsp;<\/p>\n","protected":false},"author":1,"featured_media":0,"parent":0,"menu_order":0,"comment_status":"closed","ping_status":"closed","template":"template-blank-canvas.php","meta":{"footnotes":""},"class_list":["post-231","page","type-page","status-publish","hentry"],"_links":{"self":[{"href":"http:\/\/www.sveca.rs\/index.php?rest_route=\/wp\/v2\/pages\/231","targetHints":{"allow":["GET"]}}],"collection":[{"href":"http:\/\/www.sveca.rs\/index.php?rest_route=\/wp\/v2\/pages"}],"about":[{"href":"http:\/\/www.sveca.rs\/index.php?rest_route=\/wp\/v2\/types\/page"}],"author":[{"embeddable":true,"href":"http:\/\/www.sveca.rs\/index.php?rest_route=\/wp\/v2\/users\/1"}],"replies":[{"embeddable":true,"href":"http:\/\/www.sveca.rs\/index.php?rest_route=%2Fwp%2Fv2%2Fcomments&post=231"}],"version-history":[{"count":5,"href":"http:\/\/www.sveca.rs\/index.php?rest_route=\/wp\/v2\/pages\/231\/revisions"}],"predecessor-version":[{"id":485,"href":"http:\/\/www.sveca.rs\/index.php?rest_route=\/wp\/v2\/pages\/231\/revisions\/485"}],"wp:attachment":[{"href":"http:\/\/www.sveca.rs\/index.php?rest_route=%2Fwp%2Fv2%2Fmedia&parent=231"}],"curies":[{"name":"wp","href":"https:\/\/api.w.org\/{rel}","templated":true}]}}