{"id":229,"date":"2015-02-28T20:57:34","date_gmt":"2015-02-28T19:57:34","guid":{"rendered":"http:\/\/www.sveca.rs\/?page_id=229"},"modified":"2016-03-06T15:57:36","modified_gmt":"2016-03-06T14:57:36","slug":"buketi","status":"publish","type":"page","link":"http:\/\/www.sveca.rs\/?page_id=229","title":{"rendered":"Buketi za krst"},"content":{"rendered":"<p>&nbsp;<\/p>\n<p>&nbsp;<br \/>\n<center><\/p>\n<h5><strong>Poru\u017ebinu mo\u017eete izvr\u0161iti pozivom na broj 065\/3620-926. Mogu\u0107nost dostave na podru\u010dju Beograda.<br \/>\n*Pri naru\u010divanju je neophodno nazna\u010diti pod kojim brojem je buket koji \u017eelite da poru\u010dite.<\/strong><\/h5>\n<p><\/center><br \/>\n&nbsp;<\/p>\n<div class=\"one_fourth tt-column\"><p><center><\/p>\n<h4><strong>Buket broj 1<\/strong><\/h4>\n<p><\/center><\/p>\n<div class=\"modern_img_frame modern_square\"><div class=\"img-preload lightbox-img\"><a href=\"http:\/\/www.sveca.rs\/wp-content\/uploads\/2015\/Buketi\/Buketi za krst\/1-1.jpg\" class=\"attachment-fadeIn\" data-gal=\"prettyPhoto[]\" title=\"\"><div class=\"lightbox-zoom zoom-square\" style=\"position:absolute; display: none;\">&nbsp;<\/div><img src='http:\/\/www.sveca.rs\/wp-content\/themes\/Karma\/framework\/extended\/timthumb\/timthumb.php?src=http:\/\/www.sveca.rs\/wp-content\/uploads\/2015\/Buketi\/Buketi za krst\/1-1.jpg&amp;h=180&amp;w=190' alt='' class=\"attachment-fadeIn\" \/><\/a><\/div><\/div><\/div><div class=\"one_fourth tt-column\"><p><center><\/p>\n<h4><strong>Buket broj 2<\/strong><\/h4>\n<p><\/center><\/p>\n<div class=\"modern_img_frame modern_square\"><div class=\"img-preload lightbox-img\"><a href=\"http:\/\/www.sveca.rs\/wp-content\/uploads\/2015\/Buketi\/Buketi za krst\/2-1.jpg\" class=\"attachment-fadeIn\" data-gal=\"prettyPhoto[]\" title=\"\"><div class=\"lightbox-zoom zoom-square\" style=\"position:absolute; display: none;\">&nbsp;<\/div><img src='http:\/\/www.sveca.rs\/wp-content\/themes\/Karma\/framework\/extended\/timthumb\/timthumb.php?src=http:\/\/www.sveca.rs\/wp-content\/uploads\/2015\/Buketi\/Buketi za krst\/2-1.jpg&amp;h=180&amp;w=190' alt='' class=\"attachment-fadeIn\" \/><\/a><\/div><\/div><\/div><div class=\"one_fourth tt-column\"><p><center><\/p>\n<h4><strong>Buket broj 3<\/strong><\/h4>\n<p><\/center><\/p>\n<div class=\"modern_img_frame modern_square\"><div class=\"img-preload lightbox-img\"><a href=\"http:\/\/www.sveca.rs\/wp-content\/uploads\/2015\/Buketi\/Buketi za krst\/3-1.jpg\" class=\"attachment-fadeIn\" data-gal=\"prettyPhoto[]\" title=\"\"><div class=\"lightbox-zoom zoom-square\" style=\"position:absolute; display: none;\">&nbsp;<\/div><img src='http:\/\/www.sveca.rs\/wp-content\/themes\/Karma\/framework\/extended\/timthumb\/timthumb.php?src=http:\/\/www.sveca.rs\/wp-content\/uploads\/2015\/Buketi\/Buketi za krst\/3-1.jpg&amp;h=180&amp;w=190' alt='' class=\"attachment-fadeIn\" \/><\/a><\/div><\/div><\/div><div class=\"one_fourth_last tt-column\"><p><center><\/p>\n<h4><strong>Buket broj 4<\/strong><\/h4>\n<p><\/center><\/p>\n<div class=\"modern_img_frame modern_square\"><div class=\"img-preload lightbox-img\"><a href=\"http:\/\/www.sveca.rs\/wp-content\/uploads\/2015\/Buketi\/Buketi za krst\/4-1.jpg\" class=\"attachment-fadeIn\" data-gal=\"prettyPhoto[]\" title=\"\"><div class=\"lightbox-zoom zoom-square\" style=\"position:absolute; display: none;\">&nbsp;<\/div><img src='http:\/\/www.sveca.rs\/wp-content\/themes\/Karma\/framework\/extended\/timthumb\/timthumb.php?src=http:\/\/www.sveca.rs\/wp-content\/uploads\/2015\/Buketi\/Buketi za krst\/4-1.jpg&amp;h=180&amp;w=190' alt='' class=\"attachment-fadeIn\" \/><\/a><\/div><\/div><\/div><br class=\"clear\" \/><div class=\"one_fourth tt-column\"><p><center><\/p>\n<h4><strong>Buket broj 5<\/strong><\/h4>\n<p><\/center><\/p>\n<div class=\"modern_img_frame modern_square\"><div class=\"img-preload lightbox-img\"><a href=\"http:\/\/www.sveca.rs\/wp-content\/uploads\/2015\/Buketi\/Buketi za krst\/5-1.jpg\" class=\"attachment-fadeIn\" data-gal=\"prettyPhoto[]\" title=\"\"><div class=\"lightbox-zoom zoom-square\" style=\"position:absolute; display: none;\">&nbsp;<\/div><img src='http:\/\/www.sveca.rs\/wp-content\/themes\/Karma\/framework\/extended\/timthumb\/timthumb.php?src=http:\/\/www.sveca.rs\/wp-content\/uploads\/2015\/Buketi\/Buketi za krst\/5-1.jpg&amp;h=180&amp;w=190' alt='' class=\"attachment-fadeIn\" \/><\/a><\/div><\/div><\/div><div class=\"one_fourth tt-column\"><p><center><\/p>\n<h4><strong>Buket broj 6<\/strong><\/h4>\n<p><\/center><\/p>\n<div class=\"modern_img_frame modern_square\"><div class=\"img-preload lightbox-img\"><a href=\"http:\/\/www.sveca.rs\/wp-content\/uploads\/2015\/Buketi\/Buketi za krst\/6-1.jpg\" class=\"attachment-fadeIn\" data-gal=\"prettyPhoto[]\" title=\"\"><div class=\"lightbox-zoom zoom-square\" style=\"position:absolute; display: none;\">&nbsp;<\/div><img src='http:\/\/www.sveca.rs\/wp-content\/themes\/Karma\/framework\/extended\/timthumb\/timthumb.php?src=http:\/\/www.sveca.rs\/wp-content\/uploads\/2015\/Buketi\/Buketi za krst\/6-1.jpg&amp;h=180&amp;w=190' alt='' class=\"attachment-fadeIn\" \/><\/a><\/div><\/div><\/div><div class=\"one_fourth tt-column\"><p><center><\/p>\n<h4><strong>Buket broj 7<\/strong><\/h4>\n<p><\/center><\/p>\n<div class=\"modern_img_frame modern_square\"><div class=\"img-preload lightbox-img\"><a href=\"http:\/\/www.sveca.rs\/wp-content\/uploads\/2015\/Buketi\/Buketi za krst\/7-1.jpg\" class=\"attachment-fadeIn\" data-gal=\"prettyPhoto[]\" title=\"\"><div class=\"lightbox-zoom zoom-square\" style=\"position:absolute; display: none;\">&nbsp;<\/div><img src='http:\/\/www.sveca.rs\/wp-content\/themes\/Karma\/framework\/extended\/timthumb\/timthumb.php?src=http:\/\/www.sveca.rs\/wp-content\/uploads\/2015\/Buketi\/Buketi za krst\/7-1.jpg&amp;h=180&amp;w=190' alt='' class=\"attachment-fadeIn\" \/><\/a><\/div><\/div><\/div><div class=\"one_fourth_last tt-column\"><p><center><\/p>\n<h4><strong>Buket broj 8<\/strong><\/h4>\n<p><\/center><\/p>\n<div class=\"modern_img_frame modern_square\"><div class=\"img-preload lightbox-img\"><a href=\"http:\/\/www.sveca.rs\/wp-content\/uploads\/2015\/Buketi\/Buketi za krst\/8-1.jpg\" class=\"attachment-fadeIn\" data-gal=\"prettyPhoto[]\" title=\"\"><div class=\"lightbox-zoom zoom-square\" style=\"position:absolute; display: none;\">&nbsp;<\/div><img src='http:\/\/www.sveca.rs\/wp-content\/themes\/Karma\/framework\/extended\/timthumb\/timthumb.php?src=http:\/\/www.sveca.rs\/wp-content\/uploads\/2015\/Buketi\/Buketi za krst\/8-1.jpg&amp;h=180&amp;w=190' alt='' class=\"attachment-fadeIn\" \/><\/a><\/div><\/div><\/div><br class=\"clear\" \/><div class=\"one_fourth tt-column\"><p><center><\/p>\n<h4><strong>Buket broj 9<\/strong><\/h4>\n<p><\/center><\/p>\n<div class=\"modern_img_frame modern_square\"><div class=\"img-preload lightbox-img\"><a href=\"http:\/\/www.sveca.rs\/wp-content\/uploads\/2015\/Buketi\/Buketi za krst\/9-1.jpg\" class=\"attachment-fadeIn\" data-gal=\"prettyPhoto[]\" title=\"\"><div class=\"lightbox-zoom zoom-square\" style=\"position:absolute; display: none;\">&nbsp;<\/div><img src='http:\/\/www.sveca.rs\/wp-content\/themes\/Karma\/framework\/extended\/timthumb\/timthumb.php?src=http:\/\/www.sveca.rs\/wp-content\/uploads\/2015\/Buketi\/Buketi za krst\/9-1.jpg&amp;h=180&amp;w=190' alt='' class=\"attachment-fadeIn\" \/><\/a><\/div><\/div><\/div><div class=\"one_fourth tt-column\"><p><center><\/p>\n<h4><strong>Buket broj 10<\/strong><\/h4>\n<p><\/center><\/p>\n<div class=\"modern_img_frame modern_square\"><div class=\"img-preload lightbox-img\"><a href=\"http:\/\/www.sveca.rs\/wp-content\/uploads\/2015\/Buketi\/Buketi za krst\/10-1.jpg\" class=\"attachment-fadeIn\" data-gal=\"prettyPhoto[]\" title=\"\"><div class=\"lightbox-zoom zoom-square\" style=\"position:absolute; display: none;\">&nbsp;<\/div><img src='http:\/\/www.sveca.rs\/wp-content\/themes\/Karma\/framework\/extended\/timthumb\/timthumb.php?src=http:\/\/www.sveca.rs\/wp-content\/uploads\/2015\/Buketi\/Buketi za krst\/10-1.jpg&amp;h=180&amp;w=190' alt='' class=\"attachment-fadeIn\" \/><\/a><\/div><\/div><\/div><div class=\"one_fourth tt-column\"><p><center><\/p>\n<h4><strong>Buket broj 11<\/strong><\/h4>\n<p><\/center><\/p>\n<div class=\"modern_img_frame modern_square\"><div class=\"img-preload lightbox-img\"><a href=\"http:\/\/www.sveca.rs\/wp-content\/uploads\/2015\/Buketi\/Buketi za krst\/11-1.jpg\" class=\"attachment-fadeIn\" data-gal=\"prettyPhoto[]\" title=\"\"><div class=\"lightbox-zoom zoom-square\" style=\"position:absolute; display: none;\">&nbsp;<\/div><img src='http:\/\/www.sveca.rs\/wp-content\/themes\/Karma\/framework\/extended\/timthumb\/timthumb.php?src=http:\/\/www.sveca.rs\/wp-content\/uploads\/2015\/Buketi\/Buketi za krst\/11-1.jpg&amp;h=180&amp;w=190' alt='' class=\"attachment-fadeIn\" \/><\/a><\/div><\/div><\/div><div class=\"one_fourth_last tt-column\"><p><center><\/p>\n<h4><strong>Buket broj 12<\/strong><\/h4>\n<p><\/center><\/p>\n<div class=\"modern_img_frame modern_square\"><div class=\"img-preload lightbox-img\"><a href=\"http:\/\/www.sveca.rs\/wp-content\/uploads\/2015\/Buketi\/Buketi za krst\/12-1.jpg\" class=\"attachment-fadeIn\" data-gal=\"prettyPhoto[]\" title=\"\"><div class=\"lightbox-zoom zoom-square\" style=\"position:absolute; display: none;\">&nbsp;<\/div><img src='http:\/\/www.sveca.rs\/wp-content\/themes\/Karma\/framework\/extended\/timthumb\/timthumb.php?src=http:\/\/www.sveca.rs\/wp-content\/uploads\/2015\/Buketi\/Buketi za krst\/12-1.jpg&amp;h=180&amp;w=190' alt='' class=\"attachment-fadeIn\" \/><\/a><\/div><\/div><\/div><br class=\"clear\" \/><div class=\"one_fourth tt-column\"><p><center><\/p>\n<h4><strong>Buket broj 13<\/strong><\/h4>\n<p><\/center><\/p>\n<div class=\"modern_img_frame modern_square\"><div class=\"img-preload lightbox-img\"><a href=\"http:\/\/www.sveca.rs\/wp-content\/uploads\/2015\/Buketi\/Buketi za krst\/13-1.jpg\" class=\"attachment-fadeIn\" data-gal=\"prettyPhoto[]\" title=\"\"><div class=\"lightbox-zoom zoom-square\" style=\"position:absolute; display: none;\">&nbsp;<\/div><img src='http:\/\/www.sveca.rs\/wp-content\/themes\/Karma\/framework\/extended\/timthumb\/timthumb.php?src=http:\/\/www.sveca.rs\/wp-content\/uploads\/2015\/Buketi\/Buketi za krst\/13-1.jpg&amp;h=180&amp;w=190' alt='' class=\"attachment-fadeIn\" \/><\/a><\/div><\/div><\/div><div class=\"one_fourth tt-column\"><p><center><\/p>\n<h4><strong>Buket broj 14<\/strong><\/h4>\n<p><\/center><\/p>\n<div class=\"modern_img_frame modern_square\"><div class=\"img-preload lightbox-img\"><a href=\"http:\/\/www.sveca.rs\/wp-content\/uploads\/2015\/Buketi\/Buketi za krst\/14-1.jpg\" class=\"attachment-fadeIn\" data-gal=\"prettyPhoto[]\" title=\"\"><div class=\"lightbox-zoom zoom-square\" style=\"position:absolute; display: none;\">&nbsp;<\/div><img src='http:\/\/www.sveca.rs\/wp-content\/themes\/Karma\/framework\/extended\/timthumb\/timthumb.php?src=http:\/\/www.sveca.rs\/wp-content\/uploads\/2015\/Buketi\/Buketi za krst\/14-1.jpg&amp;h=180&amp;w=190' alt='' class=\"attachment-fadeIn\" \/><\/a><\/div><\/div><\/div><div class=\"one_fourth tt-column\"><p><center><\/p>\n<h4><strong>Buket broj 15<\/strong><\/h4>\n<p><\/center><\/p>\n<div class=\"modern_img_frame modern_square\"><div class=\"img-preload lightbox-img\"><a href=\"http:\/\/www.sveca.rs\/wp-content\/uploads\/2015\/Buketi\/Buketi za krst\/15-1.jpg\" class=\"attachment-fadeIn\" data-gal=\"prettyPhoto[]\" title=\"\"><div class=\"lightbox-zoom zoom-square\" style=\"position:absolute; display: none;\">&nbsp;<\/div><img src='http:\/\/www.sveca.rs\/wp-content\/themes\/Karma\/framework\/extended\/timthumb\/timthumb.php?src=http:\/\/www.sveca.rs\/wp-content\/uploads\/2015\/Buketi\/Buketi za krst\/15-1.jpg&amp;h=180&amp;w=190' alt='' class=\"attachment-fadeIn\" \/><\/a><\/div><\/div><\/div><div class=\"one_fourth_last tt-column\"><p><center><\/p>\n<h4><strong>Buket broj 16<\/strong><\/h4>\n<p><\/center><\/p>\n<div class=\"modern_img_frame modern_square\"><div class=\"img-preload lightbox-img\"><a href=\"http:\/\/www.sveca.rs\/wp-content\/uploads\/2015\/Buketi\/Buketi za krst\/16-1.jpg\" class=\"attachment-fadeIn\" data-gal=\"prettyPhoto[]\" title=\"\"><div class=\"lightbox-zoom zoom-square\" style=\"position:absolute; display: none;\">&nbsp;<\/div><img src='http:\/\/www.sveca.rs\/wp-content\/themes\/Karma\/framework\/extended\/timthumb\/timthumb.php?src=http:\/\/www.sveca.rs\/wp-content\/uploads\/2015\/Buketi\/Buketi za krst\/16-1.jpg&amp;h=180&amp;w=190' alt='' class=\"attachment-fadeIn\" \/><\/a><\/div><\/div><\/div><br class=\"clear\" \/><div class=\"one_fourth tt-column\"><p><center><\/p>\n<h4><strong>Buket broj 17<\/strong><\/h4>\n<p><\/center><\/p>\n<div class=\"modern_img_frame modern_square\"><div class=\"img-preload lightbox-img\"><a href=\"http:\/\/www.sveca.rs\/wp-content\/uploads\/2015\/Buketi\/Buketi za krst\/17-1.jpg\" class=\"attachment-fadeIn\" data-gal=\"prettyPhoto[]\" title=\"\"><div class=\"lightbox-zoom zoom-square\" style=\"position:absolute; display: none;\">&nbsp;<\/div><img src='http:\/\/www.sveca.rs\/wp-content\/themes\/Karma\/framework\/extended\/timthumb\/timthumb.php?src=http:\/\/www.sveca.rs\/wp-content\/uploads\/2015\/Buketi\/Buketi za krst\/17-1.jpg&amp;h=180&amp;w=190' alt='' class=\"attachment-fadeIn\" \/><\/a><\/div><\/div><\/div><div class=\"one_fourth tt-column\"><p><center><\/p>\n<h4><strong>Buket broj 18<\/strong><\/h4>\n<p><\/center><\/p>\n<div class=\"modern_img_frame modern_square\"><div class=\"img-preload lightbox-img\"><a href=\"http:\/\/www.sveca.rs\/wp-content\/uploads\/2015\/Buketi\/Buketi za krst\/18-1.jpg\" class=\"attachment-fadeIn\" data-gal=\"prettyPhoto[]\" title=\"\"><div class=\"lightbox-zoom zoom-square\" style=\"position:absolute; display: none;\">&nbsp;<\/div><img src='http:\/\/www.sveca.rs\/wp-content\/themes\/Karma\/framework\/extended\/timthumb\/timthumb.php?src=http:\/\/www.sveca.rs\/wp-content\/uploads\/2015\/Buketi\/Buketi za krst\/18-1.jpg&amp;h=180&amp;w=190' alt='' class=\"attachment-fadeIn\" \/><\/a><\/div><\/div><\/div><div class=\"one_fourth tt-column\"><p><center><\/p>\n<h4><strong>Buket broj 19<\/strong><\/h4>\n<p><\/center><\/p>\n<div class=\"modern_img_frame modern_square\"><div class=\"img-preload lightbox-img\"><a href=\"http:\/\/www.sveca.rs\/wp-content\/uploads\/2015\/Buketi\/Buketi za krst\/19-1.jpg\" class=\"attachment-fadeIn\" data-gal=\"prettyPhoto[]\" title=\"\"><div class=\"lightbox-zoom zoom-square\" style=\"position:absolute; display: none;\">&nbsp;<\/div><img src='http:\/\/www.sveca.rs\/wp-content\/themes\/Karma\/framework\/extended\/timthumb\/timthumb.php?src=http:\/\/www.sveca.rs\/wp-content\/uploads\/2015\/Buketi\/Buketi za krst\/19-1.jpg&amp;h=180&amp;w=190' alt='' class=\"attachment-fadeIn\" \/><\/a><\/div><\/div><\/div><div class=\"one_fourth_last tt-column\"><p><center><\/p>\n<h4><strong>Buket broj 20<\/strong><\/h4>\n<p><\/center><\/p>\n<div class=\"modern_img_frame modern_square\"><div class=\"img-preload lightbox-img\"><a href=\"http:\/\/www.sveca.rs\/wp-content\/uploads\/2015\/Buketi\/Buketi za krst\/20-1.jpg\" class=\"attachment-fadeIn\" data-gal=\"prettyPhoto[]\" title=\"\"><div class=\"lightbox-zoom zoom-square\" style=\"position:absolute; display: none;\">&nbsp;<\/div><img src='http:\/\/www.sveca.rs\/wp-content\/themes\/Karma\/framework\/extended\/timthumb\/timthumb.php?src=http:\/\/www.sveca.rs\/wp-content\/uploads\/2015\/Buketi\/Buketi za krst\/20-1.jpg&amp;h=180&amp;w=190' alt='' class=\"attachment-fadeIn\" \/><\/a><\/div><\/div><\/div><br class=\"clear\" \/><div class=\"one_fourth tt-column\"><p><center><\/p>\n<h4><strong>Buket broj 21<\/strong><\/h4>\n<p><\/center><\/p>\n<div class=\"modern_img_frame modern_square\"><div class=\"img-preload lightbox-img\"><a href=\"http:\/\/www.sveca.rs\/wp-content\/uploads\/2015\/Buketi\/Buketi za krst\/21-1.jpg\" class=\"attachment-fadeIn\" data-gal=\"prettyPhoto[]\" title=\"\"><div class=\"lightbox-zoom zoom-square\" style=\"position:absolute; display: none;\">&nbsp;<\/div><img src='http:\/\/www.sveca.rs\/wp-content\/themes\/Karma\/framework\/extended\/timthumb\/timthumb.php?src=http:\/\/www.sveca.rs\/wp-content\/uploads\/2015\/Buketi\/Buketi za krst\/21-1.jpg&amp;h=180&amp;w=190' alt='' class=\"attachment-fadeIn\" \/><\/a><\/div><\/div><\/div><div class=\"one_fourth tt-column\"><p><center><\/p>\n<h4><strong>Buket broj 22<\/strong><\/h4>\n<p><\/center><\/p>\n<div class=\"modern_img_frame modern_square\"><div class=\"img-preload lightbox-img\"><a href=\"http:\/\/www.sveca.rs\/wp-content\/uploads\/2015\/Buketi\/Buketi za krst\/22-1.jpg\" class=\"attachment-fadeIn\" data-gal=\"prettyPhoto[]\" title=\"\"><div class=\"lightbox-zoom zoom-square\" style=\"position:absolute; display: none;\">&nbsp;<\/div><img src='http:\/\/www.sveca.rs\/wp-content\/themes\/Karma\/framework\/extended\/timthumb\/timthumb.php?src=http:\/\/www.sveca.rs\/wp-content\/uploads\/2015\/Buketi\/Buketi za krst\/22-1.jpg&amp;h=180&amp;w=190' alt='' class=\"attachment-fadeIn\" \/><\/a><\/div><\/div><\/div><div class=\"one_fourth tt-column\"><p><center><\/p>\n<h4><strong>Buket broj 23<\/strong><\/h4>\n<p><\/center><\/p>\n<div class=\"modern_img_frame modern_square\"><div class=\"img-preload lightbox-img\"><a href=\"http:\/\/www.sveca.rs\/wp-content\/uploads\/2015\/Buketi\/Buketi za krst\/23-1.jpg\" class=\"attachment-fadeIn\" data-gal=\"prettyPhoto[]\" title=\"\"><div class=\"lightbox-zoom zoom-square\" style=\"position:absolute; display: none;\">&nbsp;<\/div><img src='http:\/\/www.sveca.rs\/wp-content\/themes\/Karma\/framework\/extended\/timthumb\/timthumb.php?src=http:\/\/www.sveca.rs\/wp-content\/uploads\/2015\/Buketi\/Buketi za krst\/23-1.jpg&amp;h=180&amp;w=190' alt='' class=\"attachment-fadeIn\" \/><\/a><\/div><\/div><\/div><div class=\"one_fourth_last tt-column\"><\/div><br class=\"clear\" \/>","protected":false},"excerpt":{"rendered":"<p>&nbsp;<br \/>\n&nbsp;<\/p>\n<p>Poru\u017ebinu mo\u017eete izvr\u0161iti pozivom na broj 065\/3620-926. Mogu\u0107nost dostave na podru\u010dju Beograda.<br \/>\n*Pri naru\u010divanju je neophodno nazna\u010diti pod kojim brojem je buket koji \u017eelite da poru\u010dite.<\/p>\n<p>&nbsp;<\/p>\n","protected":false},"author":1,"featured_media":0,"parent":0,"menu_order":0,"comment_status":"closed","ping_status":"closed","template":"template-blank-canvas.php","meta":{"footnotes":""},"class_list":["post-229","page","type-page","status-publish","hentry"],"_links":{"self":[{"href":"http:\/\/www.sveca.rs\/index.php?rest_route=\/wp\/v2\/pages\/229","targetHints":{"allow":["GET"]}}],"collection":[{"href":"http:\/\/www.sveca.rs\/index.php?rest_route=\/wp\/v2\/pages"}],"about":[{"href":"http:\/\/www.sveca.rs\/index.php?rest_route=\/wp\/v2\/types\/page"}],"author":[{"embeddable":true,"href":"http:\/\/www.sveca.rs\/index.php?rest_route=\/wp\/v2\/users\/1"}],"replies":[{"embeddable":true,"href":"http:\/\/www.sveca.rs\/index.php?rest_route=%2Fwp%2Fv2%2Fcomments&post=229"}],"version-history":[{"count":29,"href":"http:\/\/www.sveca.rs\/index.php?rest_route=\/wp\/v2\/pages\/229\/revisions"}],"predecessor-version":[{"id":489,"href":"http:\/\/www.sveca.rs\/index.php?rest_route=\/wp\/v2\/pages\/229\/revisions\/489"}],"wp:attachment":[{"href":"http:\/\/www.sveca.rs\/index.php?rest_route=%2Fwp%2Fv2%2Fmedia&parent=229"}],"curies":[{"name":"wp","href":"https:\/\/api.w.org\/{rel}","templated":true}]}}