{"id":20,"date":"2015-02-26T17:05:39","date_gmt":"2015-02-26T17:05:39","guid":{"rendered":"http:\/\/www.sveca.rs\/?page_id=20"},"modified":"2026-03-25T09:16:04","modified_gmt":"2026-03-25T08:16:04","slug":"home","status":"publish","type":"page","link":"http:\/\/www.sveca.rs\/","title":{"rendered":"Po\u010detna"},"content":{"rendered":"<div class=\"callout-wrap\"><span>\n\nDobrodo\u0161li u Cve\u0107aru Sve\u0107a. Nudimo cve\u0107e visokog kvaliteta iz celog sveta po veoma pristupa\u010dnim cenama.Cve\u0107e nabavljamo direktno od uvoznika i izbegavamo sve posrednike. Skladi\u0161tenje se svodi na minimum i na\u0161i klijenti garantovano dobijaju najbolje cve\u0107e. Mogu\u0107nost dostave na podru\u010dju Beograda.\n\n<\/span><\/div><!-- END callout-wrap --><br class=\"clear\" \/>\n<h3><strong>Kategorije<\/strong><\/h3>\n<div class=\"one_fourth tt-column\"><p>&nbsp;<\/p>\n<h4>Buketi<\/h4>\n<p>&nbsp;<\/p>\n<div class=\"modern_img_frame modern_four_col_large\"><div class=\"img-preload lightbox-img\"><a href=\"http:\/\/www.sveca.rs\/?page_id=296\" class=\"attachment-fadeIn\" title=\"\" target=\"\"><div class=\"lightbox-zoom zoom-4 zoom-link\" style=\"position:absolute; display: none;\">&nbsp;<\/div><img src='http:\/\/www.sveca.rs\/wp-content\/themes\/Karma\/framework\/extended\/timthumb\/timthumb.php?src=http:\/\/www.sveca.rs\/wp-content\/uploads\/2015\/03\/thumb-za-bukete-home.jpg&amp;h=111&amp;w=190' alt='' class=\"attachment-fadeIn\" \/><\/a><\/div><\/div><\/div><div class=\"one_fourth tt-column\"><p>&nbsp;<\/p>\n<h4>Korpe<\/h4>\n<div class=\"modern_img_frame modern_four_col_large\"><div class=\"img-preload lightbox-img\"><a href=\"http:\/\/www.sveca.rs\/?page_id=231\" class=\"attachment-fadeIn\" title=\"\" target=\"\"><div class=\"lightbox-zoom zoom-4 zoom-link\" style=\"position:absolute; display: none;\">&nbsp;<\/div><img src='http:\/\/www.sveca.rs\/wp-content\/themes\/Karma\/framework\/extended\/timthumb\/timthumb.php?src=http:\/\/www.sveca.rs\/wp-content\/uploads\/2015\/03\/thumb-za-korpe-home.jpg&amp;h=111&amp;w=190' alt='' class=\"attachment-fadeIn\" \/><\/a><\/div><\/div><\/div><div class=\"one_fourth tt-column\"><p>&nbsp;<\/p>\n<h4>Suze<\/h4>\n<div class=\"modern_img_frame modern_four_col_large\"><div class=\"img-preload lightbox-img\"><a href=\"http:\/\/www.sveca.rs\/?page_id=233\" class=\"attachment-fadeIn\" title=\"\" target=\"\"><div class=\"lightbox-zoom zoom-4 zoom-link\" style=\"position:absolute; display: none;\">&nbsp;<\/div><img src='http:\/\/www.sveca.rs\/wp-content\/themes\/Karma\/framework\/extended\/timthumb\/timthumb.php?src=http:\/\/www.sveca.rs\/wp-content\/uploads\/2015\/03\/thumb-za-suze-home.jpg&amp;h=111&amp;w=190' alt='' class=\"attachment-fadeIn\" \/><\/a><\/div><\/div><\/div><div class=\"one_fourth_last tt-column\"><p>&nbsp;<\/p>\n<h4>Venci<\/h4>\n<div class=\"modern_img_frame modern_four_col_large\"><div class=\"img-preload lightbox-img\"><a href=\"http:\/\/www.sveca.rs\/?page_id=235\" class=\"attachment-fadeIn\" title=\"\" target=\"\"><div class=\"lightbox-zoom zoom-4 zoom-link\" style=\"position:absolute; display: none;\">&nbsp;<\/div><img src='http:\/\/www.sveca.rs\/wp-content\/themes\/Karma\/framework\/extended\/timthumb\/timthumb.php?src=http:\/\/www.sveca.rs\/wp-content\/uploads\/2015\/03\/thumb-za-vence-home.jpg&amp;h=111&amp;w=190' alt='' class=\"attachment-fadeIn\" \/><\/a><\/div><\/div><\/div><br class=\"clear\" \/><div class=\"hr\">&nbsp;<\/div><h3><strong>Izdvajamo iz ponude<\/strong><\/h3>\n<div class=\"one_fourth tt-column\"><div class=\"modern_img_frame modern_square\"><div class=\"img-preload lightbox-img\"><a href=\"http:\/\/www.sveca.rs\/wp-content\/uploads\/2015\/Buketi\/Buketi za krst\/5-1.jpg\" class=\"attachment-fadeIn\" data-gal=\"prettyPhoto[]\" title=\"\"><div class=\"lightbox-zoom zoom-square\" style=\"position:absolute; display: none;\">&nbsp;<\/div><img src='http:\/\/www.sveca.rs\/wp-content\/themes\/Karma\/framework\/extended\/timthumb\/timthumb.php?src=http:\/\/www.sveca.rs\/wp-content\/uploads\/2015\/Buketi\/Buketi za krst\/5-1.jpg&amp;h=180&amp;w=190' alt='' class=\"attachment-fadeIn\" \/><\/a><\/div><\/div><p><center><strong><a href=\"http:\/\/www.sveca.rs\/?page_id=229\">Buket broj 5<\/a><\/strong><\/center><\/p>\n<\/div><div class=\"one_fourth tt-column\"><div class=\"modern_img_frame modern_square\"><div class=\"img-preload lightbox-img\"><a href=\"http:\/\/www.sveca.rs\/wp-content\/uploads\/2015\/Buketi\/Buketi za krst\/10-1.jpg\" class=\"attachment-fadeIn\" data-gal=\"prettyPhoto[]\" title=\"\"><div class=\"lightbox-zoom zoom-square\" style=\"position:absolute; display: none;\">&nbsp;<\/div><img src='http:\/\/www.sveca.rs\/wp-content\/themes\/Karma\/framework\/extended\/timthumb\/timthumb.php?src=http:\/\/www.sveca.rs\/wp-content\/uploads\/2015\/Buketi\/Buketi za krst\/10-1.jpg&amp;h=180&amp;w=190' alt='' class=\"attachment-fadeIn\" \/><\/a><\/div><\/div><p><center><strong><a href=\"http:\/\/www.sveca.rs\/?page_id=229\">Buket broj 10<\/a><\/strong><\/center><\/p>\n<\/div><div class=\"one_fourth tt-column\"><div class=\"modern_img_frame modern_square\"><div class=\"img-preload lightbox-img\"><a href=\"http:\/\/www.sveca.rs\/wp-content\/uploads\/2015\/Buketi\/Buketi za krst\/15-1.jpg\" class=\"attachment-fadeIn\" data-gal=\"prettyPhoto[]\" title=\"\"><div class=\"lightbox-zoom zoom-square\" style=\"position:absolute; display: none;\">&nbsp;<\/div><img src='http:\/\/www.sveca.rs\/wp-content\/themes\/Karma\/framework\/extended\/timthumb\/timthumb.php?src=http:\/\/www.sveca.rs\/wp-content\/uploads\/2015\/Buketi\/Buketi za krst\/15-1.jpg&amp;h=180&amp;w=190' alt='' class=\"attachment-fadeIn\" \/><\/a><\/div><\/div><p><center><strong><a href=\"http:\/\/www.sveca.rs\/?page_id=229\">Buket broj 15<\/a><\/strong><\/center><\/p>\n<\/div><div class=\"one_fourth_last tt-column\"><div class=\"modern_img_frame modern_square\"><div class=\"img-preload lightbox-img\"><a href=\"http:\/\/www.sveca.rs\/wp-content\/uploads\/2015\/Buketi\/Buketi za krst\/23-1.jpg\" class=\"attachment-fadeIn\" data-gal=\"prettyPhoto[]\" title=\"\"><div class=\"lightbox-zoom zoom-square\" style=\"position:absolute; display: none;\">&nbsp;<\/div><img src='http:\/\/www.sveca.rs\/wp-content\/themes\/Karma\/framework\/extended\/timthumb\/timthumb.php?src=http:\/\/www.sveca.rs\/wp-content\/uploads\/2015\/Buketi\/Buketi za krst\/23-1.jpg&amp;h=180&amp;w=190' alt='' class=\"attachment-fadeIn\" \/><\/a><\/div><\/div><p><center><strong><a href=\"http:\/\/www.sveca.rs\/?page_id=229\">Buket broj 23<\/a><\/strong><center><\/p>\n<\/div><br class=\"clear\" \/><p><\/center><\/center><\/p>\n<div class=\"hr\">&nbsp;<\/div><div class=\"one_fourth tt-column\"><div class=\"modern_img_frame modern_square\"><div class=\"img-preload lightbox-img\"><a href=\"http:\/\/www.sveca.rs\/wp-content\/uploads\/2015\/Korpe\/6-1.jpg\" class=\"attachment-fadeIn\" data-gal=\"prettyPhoto[]\" title=\"\"><div class=\"lightbox-zoom zoom-square\" style=\"position:absolute; display: none;\">&nbsp;<\/div><img src='http:\/\/www.sveca.rs\/wp-content\/themes\/Karma\/framework\/extended\/timthumb\/timthumb.php?src=http:\/\/www.sveca.rs\/wp-content\/uploads\/2015\/Korpe\/6-1.jpg&amp;h=180&amp;w=190' alt='' class=\"attachment-fadeIn\" \/><\/a><\/div><\/div><p><center><strong><a href=\"http:\/\/www.sveca.rs\/?page_id=231\">Korpa broj 6<\/a><\/strong><\/center><\/p>\n<\/div><div class=\"one_fourth tt-column\"><div class=\"modern_img_frame modern_square\"><div class=\"img-preload lightbox-img\"><a href=\"http:\/\/www.sveca.rs\/wp-content\/uploads\/2015\/Korpe\/10-1.jpg\" class=\"attachment-fadeIn\" data-gal=\"prettyPhoto[]\" title=\"\"><div class=\"lightbox-zoom zoom-square\" style=\"position:absolute; display: none;\">&nbsp;<\/div><img src='http:\/\/www.sveca.rs\/wp-content\/themes\/Karma\/framework\/extended\/timthumb\/timthumb.php?src=http:\/\/www.sveca.rs\/wp-content\/uploads\/2015\/Korpe\/10-1.jpg&amp;h=180&amp;w=190' alt='' class=\"attachment-fadeIn\" \/><\/a><\/div><\/div><p><center><strong><a href=\"http:\/\/www.sveca.rs\/?page_id=231\">Korpa broj 10<\/a><\/strong><\/center><\/p>\n<\/div><div class=\"one_fourth tt-column\"><div class=\"modern_img_frame modern_square\"><div class=\"img-preload lightbox-img\"><a href=\"http:\/\/www.sveca.rs\/wp-content\/uploads\/2015\/Korpe\/14-1.jpg\" class=\"attachment-fadeIn\" data-gal=\"prettyPhoto[]\" title=\"\"><div class=\"lightbox-zoom zoom-square\" style=\"position:absolute; display: none;\">&nbsp;<\/div><img src='http:\/\/www.sveca.rs\/wp-content\/themes\/Karma\/framework\/extended\/timthumb\/timthumb.php?src=http:\/\/www.sveca.rs\/wp-content\/uploads\/2015\/Korpe\/14-1.jpg&amp;h=180&amp;w=190' alt='' class=\"attachment-fadeIn\" \/><\/a><\/div><\/div><p><center><strong><a href=\"http:\/\/www.sveca.rs\/?page_id=231\">Korpa broj 14<\/a><\/strong><\/center><\/p>\n<\/div><div class=\"one_fourth_last tt-column\"><div class=\"modern_img_frame modern_square\"><div class=\"img-preload lightbox-img\"><a href=\"http:\/\/www.sveca.rs\/wp-content\/uploads\/2015\/Korpe\/19-1.jpg\" class=\"attachment-fadeIn\" data-gal=\"prettyPhoto[]\" title=\"\"><div class=\"lightbox-zoom zoom-square\" style=\"position:absolute; display: none;\">&nbsp;<\/div><img src='http:\/\/www.sveca.rs\/wp-content\/themes\/Karma\/framework\/extended\/timthumb\/timthumb.php?src=http:\/\/www.sveca.rs\/wp-content\/uploads\/2015\/Korpe\/19-1.jpg&amp;h=180&amp;w=190' alt='' class=\"attachment-fadeIn\" \/><\/a><\/div><\/div><p><center><strong><a href=\"http:\/\/www.sveca.rs\/?page_id=231\">Korpa broj 19<\/a><\/strong><center><\/p>\n<\/div><br class=\"clear\" \/><div class=\"hr\">&nbsp;<\/div><p><\/center><\/center><\/p>\n<div class=\"one_fourth tt-column\"><div class=\"modern_img_frame modern_square\"><div class=\"img-preload lightbox-img\"><a href=\"http:\/\/www.sveca.rs\/wp-content\/uploads\/2015\/Suze\/13.jpg\" class=\"attachment-fadeIn\" data-gal=\"prettyPhoto[]\" title=\"\"><div class=\"lightbox-zoom zoom-square\" style=\"position:absolute; display: none;\">&nbsp;<\/div><img src='http:\/\/www.sveca.rs\/wp-content\/themes\/Karma\/framework\/extended\/timthumb\/timthumb.php?src=http:\/\/www.sveca.rs\/wp-content\/uploads\/2015\/Suze\/13.jpg&amp;h=180&amp;w=190' alt='' class=\"attachment-fadeIn\" \/><\/a><\/div><\/div><p><center><strong><a href=\"http:\/\/www.sveca.rs\/?page_id=233\">Suza broj 13<\/a><\/strong><\/center><\/p>\n<\/div><div class=\"one_fourth tt-column\"><div class=\"modern_img_frame modern_square\"><div class=\"img-preload lightbox-img\"><a href=\"http:\/\/www.sveca.rs\/wp-content\/uploads\/2015\/Suze\/22.jpg\" class=\"attachment-fadeIn\" data-gal=\"prettyPhoto[]\" title=\"\"><div class=\"lightbox-zoom zoom-square\" style=\"position:absolute; display: none;\">&nbsp;<\/div><img src='http:\/\/www.sveca.rs\/wp-content\/themes\/Karma\/framework\/extended\/timthumb\/timthumb.php?src=http:\/\/www.sveca.rs\/wp-content\/uploads\/2015\/Suze\/22.jpg&amp;h=180&amp;w=190' alt='' class=\"attachment-fadeIn\" \/><\/a><\/div><\/div><p><center><strong><a href=\"http:\/\/www.sveca.rs\/?page_id=233\">Suza broj 22<\/a><\/strong><\/center><\/p>\n<\/div><div class=\"one_fourth tt-column\"><div class=\"modern_img_frame modern_square\"><div class=\"img-preload lightbox-img\"><a href=\"http:\/\/www.sveca.rs\/wp-content\/uploads\/2015\/Suze\/82.jpg\" class=\"attachment-fadeIn\" data-gal=\"prettyPhoto[]\" title=\"\"><div class=\"lightbox-zoom zoom-square\" style=\"position:absolute; display: none;\">&nbsp;<\/div><img src='http:\/\/www.sveca.rs\/wp-content\/themes\/Karma\/framework\/extended\/timthumb\/timthumb.php?src=http:\/\/www.sveca.rs\/wp-content\/uploads\/2015\/Suze\/82.jpg&amp;h=180&amp;w=190' alt='' class=\"attachment-fadeIn\" \/><\/a><\/div><\/div><p><center><strong><a href=\"http:\/\/www.sveca.rs\/?page_id=233\">Suza broj 82<\/a><\/strong><\/center><\/p>\n<\/div><div class=\"one_fourth_last tt-column\"><div class=\"modern_img_frame modern_square\"><div class=\"img-preload lightbox-img\"><a href=\"http:\/\/www.sveca.rs\/wp-content\/uploads\/2015\/Suze\/91.jpg\" class=\"attachment-fadeIn\" data-gal=\"prettyPhoto[]\" title=\"\"><div class=\"lightbox-zoom zoom-square\" style=\"position:absolute; display: none;\">&nbsp;<\/div><img src='http:\/\/www.sveca.rs\/wp-content\/themes\/Karma\/framework\/extended\/timthumb\/timthumb.php?src=http:\/\/www.sveca.rs\/wp-content\/uploads\/2015\/Suze\/91.jpg&amp;h=180&amp;w=190' alt='' class=\"attachment-fadeIn\" \/><\/a><\/div><\/div><p><center><strong><a href=\"http:\/\/www.sveca.rs\/?page_id=233\">Suza broj 91<\/a><\/strong><center><\/p>\n<\/div><br class=\"clear\" \/><div class=\"hr\">&nbsp;<\/div><p><\/center><\/center><\/p>\n<div class=\"one_fourth tt-column\"><div class=\"modern_img_frame modern_square\"><div class=\"img-preload lightbox-img\"><a href=\"http:\/\/www.sveca.rs\/wp-content\/uploads\/2015\/Venci\/3.jpg\" class=\"attachment-fadeIn\" data-gal=\"prettyPhoto[]\" title=\"\"><div class=\"lightbox-zoom zoom-square\" style=\"position:absolute; display: none;\">&nbsp;<\/div><img src='http:\/\/www.sveca.rs\/wp-content\/themes\/Karma\/framework\/extended\/timthumb\/timthumb.php?src=http:\/\/www.sveca.rs\/wp-content\/uploads\/2015\/Venci\/3.jpg&amp;h=180&amp;w=190' alt='' class=\"attachment-fadeIn\" \/><\/a><\/div><\/div><p><center><strong><a href=\"http:\/\/www.sveca.rs\/?page_id=235\">Venac broj 3<\/a><\/strong><\/center><\/p>\n<\/div><div class=\"one_fourth tt-column\"><div class=\"modern_img_frame modern_square\"><div class=\"img-preload lightbox-img\"><a href=\"http:\/\/www.sveca.rs\/wp-content\/uploads\/2015\/Venci\/19.jpg\" class=\"attachment-fadeIn\" data-gal=\"prettyPhoto[]\" title=\"\"><div class=\"lightbox-zoom zoom-square\" style=\"position:absolute; display: none;\">&nbsp;<\/div><img src='http:\/\/www.sveca.rs\/wp-content\/themes\/Karma\/framework\/extended\/timthumb\/timthumb.php?src=http:\/\/www.sveca.rs\/wp-content\/uploads\/2015\/Venci\/19.jpg&amp;h=180&amp;w=190' alt='' class=\"attachment-fadeIn\" \/><\/a><\/div><\/div><p><center><strong><a href=\"http:\/\/www.sveca.rs\/?page_id=235\">Venac broj 19<\/a><\/strong><\/center><\/p>\n<\/div><div class=\"one_fourth tt-column\"><div class=\"modern_img_frame modern_square\"><div class=\"img-preload lightbox-img\"><a href=\"http:\/\/www.sveca.rs\/wp-content\/uploads\/2015\/Venci\/27.jpg\" class=\"attachment-fadeIn\" data-gal=\"prettyPhoto[]\" title=\"\"><div class=\"lightbox-zoom zoom-square\" style=\"position:absolute; display: none;\">&nbsp;<\/div><img src='http:\/\/www.sveca.rs\/wp-content\/themes\/Karma\/framework\/extended\/timthumb\/timthumb.php?src=http:\/\/www.sveca.rs\/wp-content\/uploads\/2015\/Venci\/27.jpg&amp;h=180&amp;w=190' alt='' class=\"attachment-fadeIn\" \/><\/a><\/div><\/div><p><center><strong><a href=\"http:\/\/www.sveca.rs\/?page_id=235\">Suza broj 27<\/a><\/strong><\/center><\/p>\n<\/div><div class=\"one_fourth_last tt-column\"><div class=\"modern_img_frame modern_square\"><div class=\"img-preload lightbox-img\"><a href=\"http:\/\/www.sveca.rs\/wp-content\/uploads\/2015\/Venci\/76.jpg\" class=\"attachment-fadeIn\" data-gal=\"prettyPhoto[]\" title=\"\"><div class=\"lightbox-zoom zoom-square\" style=\"position:absolute; display: none;\">&nbsp;<\/div><img src='http:\/\/www.sveca.rs\/wp-content\/themes\/Karma\/framework\/extended\/timthumb\/timthumb.php?src=http:\/\/www.sveca.rs\/wp-content\/uploads\/2015\/Venci\/76.jpg&amp;h=180&amp;w=190' alt='' class=\"attachment-fadeIn\" \/><\/a><\/div><\/div><p><center><strong><a href=\"http:\/\/www.sveca.rs\/?page_id=235\">Suza broj 76<\/a><\/strong><center><\/p>\n<\/div><br class=\"clear\" \/><p><\/center><\/center><\/p>\n<div class=\"hr\">&nbsp;<\/div><p><img loading=\"lazy\" decoding=\"async\" class=\"aligncenter wp-image-470 size-large\" src=\"http:\/\/www.sveca.rs\/wp-content\/uploads\/2015\/05\/placanje-1024x181.png\" alt=\"placanje\" width=\"960\" height=\"170\" srcset=\"http:\/\/www.sveca.rs\/wp-content\/uploads\/2015\/05\/placanje-1024x181.png 1024w, http:\/\/www.sveca.rs\/wp-content\/uploads\/2015\/05\/placanje-300x53.png 300w\" sizes=\"auto, (max-width: 960px) 100vw, 960px\" \/><\/p>\n","protected":false},"excerpt":{"rendered":"<p>Kategorije<br \/>\nIzdvajamo iz ponude<\/p>\n","protected":false},"author":1,"featured_media":0,"parent":0,"menu_order":0,"comment_status":"closed","ping_status":"closed","template":"template-blank-canvas.php","meta":{"footnotes":""},"class_list":["post-20","page","type-page","status-publish","hentry"],"_links":{"self":[{"href":"http:\/\/www.sveca.rs\/index.php?rest_route=\/wp\/v2\/pages\/20","targetHints":{"allow":["GET"]}}],"collection":[{"href":"http:\/\/www.sveca.rs\/index.php?rest_route=\/wp\/v2\/pages"}],"about":[{"href":"http:\/\/www.sveca.rs\/index.php?rest_route=\/wp\/v2\/types\/page"}],"author":[{"embeddable":true,"href":"http:\/\/www.sveca.rs\/index.php?rest_route=\/wp\/v2\/users\/1"}],"replies":[{"embeddable":true,"href":"http:\/\/www.sveca.rs\/index.php?rest_route=%2Fwp%2Fv2%2Fcomments&post=20"}],"version-history":[{"count":90,"href":"http:\/\/www.sveca.rs\/index.php?rest_route=\/wp\/v2\/pages\/20\/revisions"}],"predecessor-version":[{"id":505,"href":"http:\/\/www.sveca.rs\/index.php?rest_route=\/wp\/v2\/pages\/20\/revisions\/505"}],"wp:attachment":[{"href":"http:\/\/www.sveca.rs\/index.php?rest_route=%2Fwp%2Fv2%2Fmedia&parent=20"}],"curies":[{"name":"wp","href":"https:\/\/api.w.org\/{rel}","templated":true}]}}